{"id":2,"date":"2024-09-12T07:16:17","date_gmt":"2024-09-12T07:16:17","guid":{"rendered":"https:\/\/stran1.luka.kaudata.dev\/home\/kaudata.dev\/domains\/stran1.luka.kaudata.dev\/public_html\/?page_id=2"},"modified":"2024-09-17T11:16:47","modified_gmt":"2024-09-17T11:16:47","slug":"sample-page","status":"publish","type":"page","link":"https:\/\/stran1.luka.kaudata.dev\/","title":{"rendered":"Dobrodo\u0161li"},"content":{"rendered":"\n<p><\/p>\n\n\n\n<div class=\"wp-block-columns is-layout-flex wp-container-core-columns-is-layout-9d6595d7 wp-block-columns-is-layout-flex\">\n<div class=\"wp-block-column is-layout-flow wp-block-column-is-layout-flow\" style=\"flex-basis:33.33%\">\n<figure class=\"wp-block-image size-large\"><img loading=\"lazy\" decoding=\"async\" width=\"684\" height=\"1024\" src=\"https:\/\/stran1.luka.kaudata.dev\/wp-content\/uploads\/2024\/09\/pexels-myleskuo-2399840-684x1024.jpg\" alt=\"\" class=\"wp-image-22\" style=\"aspect-ratio:4\/3;object-fit:cover\" srcset=\"https:\/\/stran1.luka.kaudata.dev\/wp-content\/uploads\/2024\/09\/pexels-myleskuo-2399840-684x1024.jpg 684w, https:\/\/stran1.luka.kaudata.dev\/wp-content\/uploads\/2024\/09\/pexels-myleskuo-2399840-200x300.jpg 200w, https:\/\/stran1.luka.kaudata.dev\/wp-content\/uploads\/2024\/09\/pexels-myleskuo-2399840-768x1150.jpg 768w, https:\/\/stran1.luka.kaudata.dev\/wp-content\/uploads\/2024\/09\/pexels-myleskuo-2399840-1025x1536.jpg 1025w, https:\/\/stran1.luka.kaudata.dev\/wp-content\/uploads\/2024\/09\/pexels-myleskuo-2399840-1367x2048.jpg 1367w, https:\/\/stran1.luka.kaudata.dev\/wp-content\/uploads\/2024\/09\/pexels-myleskuo-2399840-scaled.jpg 1709w\" sizes=\"auto, (max-width: 684px) 100vw, 684px\" \/><\/figure>\n<\/div>\n\n\n\n<div class=\"wp-block-column is-layout-flow wp-block-column-is-layout-flow\" style=\"flex-basis:66.66%\">\n<h3 class=\"wp-block-heading\"><strong>Strokovno sestavljeni ra\u010dunalniki za vse potrebe<\/strong><\/h3>\n\n\n\n<p>Ne izgubljajte \u010dasa z iskanjem komponent in sestavljanjem ra\u010dunalnika sami. Na\u0161a ekipa strokovnjakov bo za vas ustvarila optimalno konfiguracijo \u2013 prilagojeno va\u0161im potrebam in brez napak.<\/p>\n\n\n\n<div class=\"wp-block-buttons is-layout-flex wp-block-buttons-is-layout-flex\">\n<div class=\"wp-block-button\"><a class=\"wp-block-button__link wp-element-button\" href=\"https:\/\/stran1.luka.kaudata.dev\/?page_id=30\">Za\u010dni z na\u010drtovanjem<\/a><\/div>\n<\/div>\n<\/div>\n<\/div>\n\n\n\n<hr class=\"wp-block-separator has-alpha-channel-opacity is-style-wide\"\/>\n\n\n\n<div class=\"wp-block-columns is-layout-flex wp-container-core-columns-is-layout-9d6595d7 wp-block-columns-is-layout-flex\">\n<div class=\"wp-block-column is-layout-flow wp-block-column-is-layout-flow\" style=\"flex-basis:66.66%\">\n<h3 class=\"wp-block-heading\"><strong>Prilagojeni ra\u010dunalniki, popolnoma brez stresa<\/strong><\/h3>\n\n\n\n<p>Od zmogljivih igralnih sistemov do delovnih postaj \u2013 mi poskrbimo za vse. Vi nam zaupate svoje \u017eelje, mi pa zagotovimo popolno delovanje.<\/p>\n\n\n\n<div class=\"wp-block-buttons is-layout-flex wp-block-buttons-is-layout-flex\">\n<div class=\"wp-block-button\"><a class=\"wp-block-button__link wp-element-button\" href=\"https:\/\/stran1.luka.kaudata.dev\/?page_id=30\">Kontaktirajte nas<\/a><\/div>\n<\/div>\n<\/div>\n\n\n\n<div class=\"wp-block-column is-layout-flow wp-block-column-is-layout-flow\" style=\"flex-basis:33.33%\">\n<figure class=\"wp-block-image size-large\"><img loading=\"lazy\" decoding=\"async\" width=\"819\" height=\"1024\" src=\"https:\/\/stran1.luka.kaudata.dev\/wp-content\/uploads\/2024\/09\/pexels-moe-bodden-5308424-18956505-819x1024.jpg\" alt=\"\" class=\"wp-image-25\" style=\"aspect-ratio:4\/3;object-fit:cover\" srcset=\"https:\/\/stran1.luka.kaudata.dev\/wp-content\/uploads\/2024\/09\/pexels-moe-bodden-5308424-18956505-819x1024.jpg 819w, https:\/\/stran1.luka.kaudata.dev\/wp-content\/uploads\/2024\/09\/pexels-moe-bodden-5308424-18956505-240x300.jpg 240w, https:\/\/stran1.luka.kaudata.dev\/wp-content\/uploads\/2024\/09\/pexels-moe-bodden-5308424-18956505-768x960.jpg 768w, https:\/\/stran1.luka.kaudata.dev\/wp-content\/uploads\/2024\/09\/pexels-moe-bodden-5308424-18956505-1229x1536.jpg 1229w, https:\/\/stran1.luka.kaudata.dev\/wp-content\/uploads\/2024\/09\/pexels-moe-bodden-5308424-18956505-1638x2048.jpg 1638w, https:\/\/stran1.luka.kaudata.dev\/wp-content\/uploads\/2024\/09\/pexels-moe-bodden-5308424-18956505-scaled.jpg 2048w\" sizes=\"auto, (max-width: 819px) 100vw, 819px\" \/><\/figure>\n<\/div>\n<\/div>\n\n\n\n<hr class=\"wp-block-separator has-alpha-channel-opacity is-style-wide\"\/>\n\n\n\n<div class=\"wp-block-columns is-layout-flex wp-container-core-columns-is-layout-9d6595d7 wp-block-columns-is-layout-flex\">\n<div class=\"wp-block-column is-layout-flow wp-block-column-is-layout-flow\" style=\"flex-basis:33.33%\">\n<figure class=\"wp-block-image size-large is-style-default\"><img loading=\"lazy\" decoding=\"async\" width=\"683\" height=\"1024\" src=\"https:\/\/stran1.luka.kaudata.dev\/wp-content\/uploads\/2024\/09\/pexels-athena-2582928-Large-683x1024.jpg\" alt=\"\" class=\"wp-image-26\" style=\"aspect-ratio:4\/3;object-fit:cover\" srcset=\"https:\/\/stran1.luka.kaudata.dev\/wp-content\/uploads\/2024\/09\/pexels-athena-2582928-Large-683x1024.jpg 683w, https:\/\/stran1.luka.kaudata.dev\/wp-content\/uploads\/2024\/09\/pexels-athena-2582928-Large-200x300.jpg 200w, https:\/\/stran1.luka.kaudata.dev\/wp-content\/uploads\/2024\/09\/pexels-athena-2582928-Large-768x1152.jpg 768w, https:\/\/stran1.luka.kaudata.dev\/wp-content\/uploads\/2024\/09\/pexels-athena-2582928-Large-1024x1536.jpg 1024w, https:\/\/stran1.luka.kaudata.dev\/wp-content\/uploads\/2024\/09\/pexels-athena-2582928-Large.jpg 1080w\" sizes=\"auto, (max-width: 683px) 100vw, 683px\" \/><\/figure>\n<\/div>\n\n\n\n<div class=\"wp-block-column is-layout-flow wp-block-column-is-layout-flow\" style=\"flex-basis:66.66%\">\n<h3 class=\"wp-block-heading\"><strong>Testiranje in optimizacija za brezhibno delovanje<\/strong><\/h3>\n\n\n\n<p>Vsak ra\u010dunalnik, ki ga sestavimo, gre skozi natan\u010dna testiranja in optimizacijo, da vam zagotovimo stabilno in zmogljivo delovanje.<\/p>\n<\/div>\n<\/div>\n\n\n\n<hr class=\"wp-block-separator has-alpha-channel-opacity is-style-wide\"\/>\n\n\n\n<div class=\"wp-block-columns is-layout-flex wp-container-core-columns-is-layout-9d6595d7 wp-block-columns-is-layout-flex\">\n<div class=\"wp-block-column is-layout-flow wp-block-column-is-layout-flow\" style=\"flex-basis:66.66%\">\n<h3 class=\"wp-block-heading\"><strong>Podpora, na katero se lahko zanesete<\/strong><\/h3>\n\n\n\n<p>Nudimo popolno tehni\u010dno podporo in nasvete po sestavi ra\u010dunalnika. Z nami niste nikoli sami \u2013 pomagamo vam tudi po nakupu!<\/p>\n\n\n\n<div class=\"wp-block-buttons is-layout-flex wp-container-core-buttons-is-layout-c07eda73 wp-block-buttons-is-layout-flex\">\n<div class=\"wp-block-button\"><a class=\"wp-block-button__link wp-element-button\" href=\"https:\/\/stran1.luka.kaudata.dev\/?page_id=9\">Pogosta vpra\u0161anja<\/a><\/div>\n<\/div>\n<\/div>\n\n\n\n<div class=\"wp-block-column is-layout-flow wp-block-column-is-layout-flow\" style=\"flex-basis:33.33%\">\n<figure class=\"wp-block-image size-large\"><img loading=\"lazy\" decoding=\"async\" width=\"683\" height=\"1024\" src=\"https:\/\/stran1.luka.kaudata.dev\/wp-content\/uploads\/2024\/09\/pexels-cottonbro-6804590-683x1024.jpg\" alt=\"\" class=\"wp-image-34\" style=\"aspect-ratio:4\/3;object-fit:cover\" srcset=\"https:\/\/stran1.luka.kaudata.dev\/wp-content\/uploads\/2024\/09\/pexels-cottonbro-6804590-683x1024.jpg 683w, https:\/\/stran1.luka.kaudata.dev\/wp-content\/uploads\/2024\/09\/pexels-cottonbro-6804590-200x300.jpg 200w, https:\/\/stran1.luka.kaudata.dev\/wp-content\/uploads\/2024\/09\/pexels-cottonbro-6804590-768x1152.jpg 768w, https:\/\/stran1.luka.kaudata.dev\/wp-content\/uploads\/2024\/09\/pexels-cottonbro-6804590-1024x1536.jpg 1024w, https:\/\/stran1.luka.kaudata.dev\/wp-content\/uploads\/2024\/09\/pexels-cottonbro-6804590-1365x2048.jpg 1365w, https:\/\/stran1.luka.kaudata.dev\/wp-content\/uploads\/2024\/09\/pexels-cottonbro-6804590-scaled.jpg 1707w\" sizes=\"auto, (max-width: 683px) 100vw, 683px\" \/><\/figure>\n<\/div>\n<\/div>\n\n\n\n<p><\/p>\n","protected":false},"excerpt":{"rendered":"<p>Strokovno sestavljeni ra\u010dunalniki za vse potrebe Ne izgubljajte \u010dasa z iskanjem komponent in sestavljanjem ra\u010dunalnika sami. Na\u0161a ekipa strokovnjakov bo za vas ustvarila optimalno konfiguracijo \u2013 prilagojeno va\u0161im potrebam in &#8230;<\/p>\n","protected":false},"author":1,"featured_media":19,"parent":0,"menu_order":0,"comment_status":"closed","ping_status":"open","template":"","meta":{"footnotes":""},"class_list":["post-2","page","type-page","status-publish","has-post-thumbnail","hentry"],"_links":{"self":[{"href":"https:\/\/stran1.luka.kaudata.dev\/index.php?rest_route=\/wp\/v2\/pages\/2","targetHints":{"allow":["GET"]}}],"collection":[{"href":"https:\/\/stran1.luka.kaudata.dev\/index.php?rest_route=\/wp\/v2\/pages"}],"about":[{"href":"https:\/\/stran1.luka.kaudata.dev\/index.php?rest_route=\/wp\/v2\/types\/page"}],"author":[{"embeddable":true,"href":"https:\/\/stran1.luka.kaudata.dev\/index.php?rest_route=\/wp\/v2\/users\/1"}],"replies":[{"embeddable":true,"href":"https:\/\/stran1.luka.kaudata.dev\/index.php?rest_route=%2Fwp%2Fv2%2Fcomments&post=2"}],"version-history":[{"count":10,"href":"https:\/\/stran1.luka.kaudata.dev\/index.php?rest_route=\/wp\/v2\/pages\/2\/revisions"}],"predecessor-version":[{"id":54,"href":"https:\/\/stran1.luka.kaudata.dev\/index.php?rest_route=\/wp\/v2\/pages\/2\/revisions\/54"}],"wp:featuredmedia":[{"embeddable":true,"href":"https:\/\/stran1.luka.kaudata.dev\/index.php?rest_route=\/wp\/v2\/media\/19"}],"wp:attachment":[{"href":"https:\/\/stran1.luka.kaudata.dev\/index.php?rest_route=%2Fwp%2Fv2%2Fmedia&parent=2"}],"curies":[{"name":"wp","href":"https:\/\/api.w.org\/{rel}","templated":true}]}}